{"id":55,"date":"2021-10-05T12:02:50","date_gmt":"2021-10-05T12:02:50","guid":{"rendered":"https:\/\/hobbykreation.de\/wpx\/?page_id=55"},"modified":"2021-10-06T18:38:33","modified_gmt":"2021-10-06T18:38:33","slug":"kerzenrollen-aus-bienenwachs","status":"publish","type":"page","link":"https:\/\/hobbykreation.de\/index.php\/kerzenrollen-aus-bienenwachs\/","title":{"rendered":"Kerzenrollen aus Bienenwachs"},"content":{"rendered":"<p><img loading=\"lazy\" decoding=\"async\" class=\"size-medium wp-image-138 alignright\" src=\"https:\/\/hobbykreation.de\/wp-content\/uploads\/2021\/10\/P1010387-300x200.jpg\" alt=\"\" width=\"300\" height=\"200\" srcset=\"https:\/\/hobbykreation.de\/wp-content\/uploads\/2021\/10\/P1010387-300x200.jpg 300w, https:\/\/hobbykreation.de\/wp-content\/uploads\/2021\/10\/P1010387-1024x681.jpg 1024w, https:\/\/hobbykreation.de\/wp-content\/uploads\/2021\/10\/P1010387-768x511.jpg 768w, https:\/\/hobbykreation.de\/wp-content\/uploads\/2021\/10\/P1010387-1536x1021.jpg 1536w, https:\/\/hobbykreation.de\/wp-content\/uploads\/2021\/10\/P1010387-2048x1362.jpg 2048w\" sizes=\"auto, (max-width: 300px) 100vw, 300px\" \/><\/p>\n<div class=\"entry-content\">\n<p>Eine weitere, sehr beliebte Variante f\u00fcr die Herstellung von Kerzen ist das Rollen von Wabenplatten, weil hierf\u00fcr keine Ger\u00e4te ben\u00f6tigt werden.<\/p>\n<p>Unsere Spezialit\u00e4t sind Waben aus echtem Bienenwachs zum Basteln von schm\u00fcckenden Ornament- Wabenkerzen. Auf ganz einfache Weise lassen sich aus HAMMANN BIENENWABEN die sch\u00f6nsten Kerzen selbst drehen, denn das goldgelbe Bienenwachs und die Zellenpr\u00e4gung der Bienenwaben wirkenallein schon als Ornament. Durch selbst gebastelte Wabenkerzen k\u00f6nnen Sie sich, Ihrer Familie und Ihren Freunden viel Freude bereiten.<\/p>\n<p>HAMMANN- WABEN sind vollkommen naturrein und ausschlie\u00dflich aus reinem, goldgelbem Bienenwachs hergestellt. Sie besitzen die Original Zellpr\u00e4gung der echten Bienenwaben, wie sie auch in der Bienenzucht als Mittelw\u00e4nde verwendet werden. HAMMANN- Waben stehen seit \u00fcber 125 Jahren f\u00fcr h\u00f6chste Qualit\u00e4t, hergestellt aus ausschliesslich reinem und unverf\u00e4lschten Bienenwachs.<\/p>\n<p><a href=\"http:\/\/www.kerzenbasteln.de\/de\/bienenwachs-bienenwaben\">Bienenwachs, Bienenwaben (Wachsplatten), Bienenwachspastillen (Pellets)<\/a><\/p>\n<p><a href=\"http:\/\/www.kerzenbasteln.de\" target=\"_blank\" rel=\"noopener\">www.kerzenbasteln.de<\/a><\/p>\n<\/div>\n","protected":false},"excerpt":{"rendered":"<p>Eine weitere, sehr beliebte Variante f\u00fcr die Herstellung von Kerzen ist das Rollen von Wabenplatten, weil hierf\u00fcr keine Ger\u00e4te ben\u00f6tigt werden. Unsere Spezialit\u00e4t sind Waben aus echtem&hellip;<\/p>\n<p> <a class=\"more-link\" href=\"https:\/\/hobbykreation.de\/index.php\/kerzenrollen-aus-bienenwachs\/\">Weiterlesen<\/a><\/p>\n","protected":false},"author":1,"featured_media":0,"parent":0,"menu_order":0,"comment_status":"closed","ping_status":"closed","template":"","meta":{"footnotes":""},"class_list":["post-55","page","type-page","status-publish"],"yoast_head":"<!-- This site is optimized with the Yoast SEO plugin v26.0 - https:\/\/yoast.com\/wordpress\/plugins\/seo\/ -->\n<title>Kerzenrollen aus Bienenwachs - HOBBY KREATION (R)<\/title>\n<meta name=\"description\" content=\"HAMMANN- Waben aus echtem Bienenwachs zum Drehen von Wabenkerzen. Auf ganz einfache Weise lassen sich aus HAMMANN BIENENWABEN die sch\u00f6nsten Kerzen selbst drehen. HAMMANN-Waben werden aus reinem, unverf\u00e4lschetem Bienenwachs hergestellt\" \/>\n<meta name=\"robots\" content=\"index, follow, max-snippet:-1, max-image-preview:large, max-video-preview:-1\" \/>\n<link rel=\"canonical\" href=\"https:\/\/hobbykreation.de\/index.php\/kerzenrollen-aus-bienenwachs\/\" \/>\n<meta property=\"og:locale\" content=\"de_DE\" \/>\n<meta property=\"og:type\" content=\"article\" \/>\n<meta property=\"og:title\" content=\"Kerzenrollen aus Bienenwachs - HOBBY KREATION (R)\" \/>\n<meta property=\"og:description\" content=\"HAMMANN- Waben aus echtem Bienenwachs zum Drehen von Wabenkerzen. Auf ganz einfache Weise lassen sich aus HAMMANN BIENENWABEN die sch\u00f6nsten Kerzen selbst drehen. HAMMANN-Waben werden aus reinem, unverf\u00e4lschetem Bienenwachs hergestellt\" \/>\n<meta property=\"og:url\" content=\"https:\/\/hobbykreation.de\/index.php\/kerzenrollen-aus-bienenwachs\/\" \/>\n<meta property=\"og:site_name\" content=\"HOBBY KREATION (R)\" \/>\n<meta property=\"article:modified_time\" content=\"2021-10-06T18:38:33+00:00\" \/>\n<meta property=\"og:image\" content=\"https:\/\/hobbykreation.de\/wp-content\/uploads\/2021\/10\/P1010387-300x200.jpg\" \/>\n<meta name=\"twitter:card\" content=\"summary_large_image\" \/>\n<meta name=\"twitter:label1\" content=\"Gesch\u00e4tzte Lesezeit\" \/>\n\t<meta name=\"twitter:data1\" content=\"1\u00a0Minute\" \/>\n<script type=\"application\/ld+json\" class=\"yoast-schema-graph\">{\"@context\":\"https:\/\/schema.org\",\"@graph\":[{\"@type\":\"WebPage\",\"@id\":\"https:\/\/hobbykreation.de\/index.php\/kerzenrollen-aus-bienenwachs\/\",\"url\":\"https:\/\/hobbykreation.de\/index.php\/kerzenrollen-aus-bienenwachs\/\",\"name\":\"Kerzenrollen aus Bienenwachs - HOBBY KREATION (R)\",\"isPartOf\":{\"@id\":\"https:\/\/hobbykreation.de\/#website\"},\"primaryImageOfPage\":{\"@id\":\"https:\/\/hobbykreation.de\/index.php\/kerzenrollen-aus-bienenwachs\/#primaryimage\"},\"image\":{\"@id\":\"https:\/\/hobbykreation.de\/index.php\/kerzenrollen-aus-bienenwachs\/#primaryimage\"},\"thumbnailUrl\":\"https:\/\/hobbykreation.de\/wp-content\/uploads\/2021\/10\/P1010387-300x200.jpg\",\"datePublished\":\"2021-10-05T12:02:50+00:00\",\"dateModified\":\"2021-10-06T18:38:33+00:00\",\"description\":\"HAMMANN- Waben aus echtem Bienenwachs zum Drehen von Wabenkerzen. Auf ganz einfache Weise lassen sich aus HAMMANN BIENENWABEN die sch\u00f6nsten Kerzen selbst drehen. HAMMANN-Waben werden aus reinem, unverf\u00e4lschetem Bienenwachs hergestellt\",\"breadcrumb\":{\"@id\":\"https:\/\/hobbykreation.de\/index.php\/kerzenrollen-aus-bienenwachs\/#breadcrumb\"},\"inLanguage\":\"de\",\"potentialAction\":[{\"@type\":\"ReadAction\",\"target\":[\"https:\/\/hobbykreation.de\/index.php\/kerzenrollen-aus-bienenwachs\/\"]}]},{\"@type\":\"ImageObject\",\"inLanguage\":\"de\",\"@id\":\"https:\/\/hobbykreation.de\/index.php\/kerzenrollen-aus-bienenwachs\/#primaryimage\",\"url\":\"https:\/\/hobbykreation.de\/wp-content\/uploads\/2021\/10\/P1010387-scaled.jpg\",\"contentUrl\":\"https:\/\/hobbykreation.de\/wp-content\/uploads\/2021\/10\/P1010387-scaled.jpg\",\"width\":2560,\"height\":1702},{\"@type\":\"BreadcrumbList\",\"@id\":\"https:\/\/hobbykreation.de\/index.php\/kerzenrollen-aus-bienenwachs\/#breadcrumb\",\"itemListElement\":[{\"@type\":\"ListItem\",\"position\":1,\"name\":\"Startseite\",\"item\":\"https:\/\/hobbykreation.de\/\"},{\"@type\":\"ListItem\",\"position\":2,\"name\":\"Kerzenrollen aus Bienenwachs\"}]},{\"@type\":\"WebSite\",\"@id\":\"https:\/\/hobbykreation.de\/#website\",\"url\":\"https:\/\/hobbykreation.de\/\",\"name\":\"HOBBY KREATION (R)\",\"description\":\"Just another WordPress site\",\"publisher\":{\"@id\":\"https:\/\/hobbykreation.de\/#organization\"},\"potentialAction\":[{\"@type\":\"SearchAction\",\"target\":{\"@type\":\"EntryPoint\",\"urlTemplate\":\"https:\/\/hobbykreation.de\/?s={search_term_string}\"},\"query-input\":{\"@type\":\"PropertyValueSpecification\",\"valueRequired\":true,\"valueName\":\"search_term_string\"}}],\"inLanguage\":\"de\"},{\"@type\":\"Organization\",\"@id\":\"https:\/\/hobbykreation.de\/#organization\",\"name\":\"HOBBY KREATION (R)\",\"url\":\"https:\/\/hobbykreation.de\/\",\"logo\":{\"@type\":\"ImageObject\",\"inLanguage\":\"de\",\"@id\":\"https:\/\/hobbykreation.de\/#\/schema\/logo\/image\/\",\"url\":\"https:\/\/hobbykreation.de\/wp-content\/uploads\/2021\/10\/cropped-logo-2-zeilig-1.gif\",\"contentUrl\":\"https:\/\/hobbykreation.de\/wp-content\/uploads\/2021\/10\/cropped-logo-2-zeilig-1.gif\",\"width\":1504,\"height\":564,\"caption\":\"HOBBY KREATION (R)\"},\"image\":{\"@id\":\"https:\/\/hobbykreation.de\/#\/schema\/logo\/image\/\"}}]}<\/script>\n<!-- \/ Yoast SEO plugin. -->","yoast_head_json":{"title":"Kerzenrollen aus Bienenwachs - HOBBY KREATION (R)","description":"HAMMANN- Waben aus echtem Bienenwachs zum Drehen von Wabenkerzen. Auf ganz einfache Weise lassen sich aus HAMMANN BIENENWABEN die sch\u00f6nsten Kerzen selbst drehen. HAMMANN-Waben werden aus reinem, unverf\u00e4lschetem Bienenwachs hergestellt","robots":{"index":"index","follow":"follow","max-snippet":"max-snippet:-1","max-image-preview":"max-image-preview:large","max-video-preview":"max-video-preview:-1"},"canonical":"https:\/\/hobbykreation.de\/index.php\/kerzenrollen-aus-bienenwachs\/","og_locale":"de_DE","og_type":"article","og_title":"Kerzenrollen aus Bienenwachs - HOBBY KREATION (R)","og_description":"HAMMANN- Waben aus echtem Bienenwachs zum Drehen von Wabenkerzen. Auf ganz einfache Weise lassen sich aus HAMMANN BIENENWABEN die sch\u00f6nsten Kerzen selbst drehen. HAMMANN-Waben werden aus reinem, unverf\u00e4lschetem Bienenwachs hergestellt","og_url":"https:\/\/hobbykreation.de\/index.php\/kerzenrollen-aus-bienenwachs\/","og_site_name":"HOBBY KREATION (R)","article_modified_time":"2021-10-06T18:38:33+00:00","og_image":[{"url":"https:\/\/hobbykreation.de\/wp-content\/uploads\/2021\/10\/P1010387-300x200.jpg","type":"","width":"","height":""}],"twitter_card":"summary_large_image","twitter_misc":{"Gesch\u00e4tzte Lesezeit":"1\u00a0Minute"},"schema":{"@context":"https:\/\/schema.org","@graph":[{"@type":"WebPage","@id":"https:\/\/hobbykreation.de\/index.php\/kerzenrollen-aus-bienenwachs\/","url":"https:\/\/hobbykreation.de\/index.php\/kerzenrollen-aus-bienenwachs\/","name":"Kerzenrollen aus Bienenwachs - HOBBY KREATION (R)","isPartOf":{"@id":"https:\/\/hobbykreation.de\/#website"},"primaryImageOfPage":{"@id":"https:\/\/hobbykreation.de\/index.php\/kerzenrollen-aus-bienenwachs\/#primaryimage"},"image":{"@id":"https:\/\/hobbykreation.de\/index.php\/kerzenrollen-aus-bienenwachs\/#primaryimage"},"thumbnailUrl":"https:\/\/hobbykreation.de\/wp-content\/uploads\/2021\/10\/P1010387-300x200.jpg","datePublished":"2021-10-05T12:02:50+00:00","dateModified":"2021-10-06T18:38:33+00:00","description":"HAMMANN- Waben aus echtem Bienenwachs zum Drehen von Wabenkerzen. Auf ganz einfache Weise lassen sich aus HAMMANN BIENENWABEN die sch\u00f6nsten Kerzen selbst drehen. HAMMANN-Waben werden aus reinem, unverf\u00e4lschetem Bienenwachs hergestellt","breadcrumb":{"@id":"https:\/\/hobbykreation.de\/index.php\/kerzenrollen-aus-bienenwachs\/#breadcrumb"},"inLanguage":"de","potentialAction":[{"@type":"ReadAction","target":["https:\/\/hobbykreation.de\/index.php\/kerzenrollen-aus-bienenwachs\/"]}]},{"@type":"ImageObject","inLanguage":"de","@id":"https:\/\/hobbykreation.de\/index.php\/kerzenrollen-aus-bienenwachs\/#primaryimage","url":"https:\/\/hobbykreation.de\/wp-content\/uploads\/2021\/10\/P1010387-scaled.jpg","contentUrl":"https:\/\/hobbykreation.de\/wp-content\/uploads\/2021\/10\/P1010387-scaled.jpg","width":2560,"height":1702},{"@type":"BreadcrumbList","@id":"https:\/\/hobbykreation.de\/index.php\/kerzenrollen-aus-bienenwachs\/#breadcrumb","itemListElement":[{"@type":"ListItem","position":1,"name":"Startseite","item":"https:\/\/hobbykreation.de\/"},{"@type":"ListItem","position":2,"name":"Kerzenrollen aus Bienenwachs"}]},{"@type":"WebSite","@id":"https:\/\/hobbykreation.de\/#website","url":"https:\/\/hobbykreation.de\/","name":"HOBBY KREATION (R)","description":"Just another WordPress site","publisher":{"@id":"https:\/\/hobbykreation.de\/#organization"},"potentialAction":[{"@type":"SearchAction","target":{"@type":"EntryPoint","urlTemplate":"https:\/\/hobbykreation.de\/?s={search_term_string}"},"query-input":{"@type":"PropertyValueSpecification","valueRequired":true,"valueName":"search_term_string"}}],"inLanguage":"de"},{"@type":"Organization","@id":"https:\/\/hobbykreation.de\/#organization","name":"HOBBY KREATION (R)","url":"https:\/\/hobbykreation.de\/","logo":{"@type":"ImageObject","inLanguage":"de","@id":"https:\/\/hobbykreation.de\/#\/schema\/logo\/image\/","url":"https:\/\/hobbykreation.de\/wp-content\/uploads\/2021\/10\/cropped-logo-2-zeilig-1.gif","contentUrl":"https:\/\/hobbykreation.de\/wp-content\/uploads\/2021\/10\/cropped-logo-2-zeilig-1.gif","width":1504,"height":564,"caption":"HOBBY KREATION (R)"},"image":{"@id":"https:\/\/hobbykreation.de\/#\/schema\/logo\/image\/"}}]}},"_links":{"self":[{"href":"https:\/\/hobbykreation.de\/index.php\/wp-json\/wp\/v2\/pages\/55","targetHints":{"allow":["GET"]}}],"collection":[{"href":"https:\/\/hobbykreation.de\/index.php\/wp-json\/wp\/v2\/pages"}],"about":[{"href":"https:\/\/hobbykreation.de\/index.php\/wp-json\/wp\/v2\/types\/page"}],"author":[{"embeddable":true,"href":"https:\/\/hobbykreation.de\/index.php\/wp-json\/wp\/v2\/users\/1"}],"replies":[{"embeddable":true,"href":"https:\/\/hobbykreation.de\/index.php\/wp-json\/wp\/v2\/comments?post=55"}],"version-history":[{"count":2,"href":"https:\/\/hobbykreation.de\/index.php\/wp-json\/wp\/v2\/pages\/55\/revisions"}],"predecessor-version":[{"id":146,"href":"https:\/\/hobbykreation.de\/index.php\/wp-json\/wp\/v2\/pages\/55\/revisions\/146"}],"wp:attachment":[{"href":"https:\/\/hobbykreation.de\/index.php\/wp-json\/wp\/v2\/media?parent=55"}],"curies":[{"name":"wp","href":"https:\/\/api.w.org\/{rel}","templated":true}]}}