{"id":174,"date":"2023-01-18T11:38:12","date_gmt":"2023-01-18T11:38:12","guid":{"rendered":"https:\/\/hobbykreation.de\/?page_id=174"},"modified":"2023-01-18T11:38:12","modified_gmt":"2023-01-18T11:38:12","slug":"bougies-en-cire-dabeille","status":"publish","type":"page","link":"https:\/\/hobbykreation.de\/index.php\/fr\/bougies-en-cire-dabeille\/","title":{"rendered":"bougies en cire d&#8217;abeille"},"content":{"rendered":"\n<p>Les bougies en cire d&#8217;abeille sont un choix populaire. La cire d&#8217;abeille est un mat\u00e9riau naturel qui est connu pour son parfum agr\u00e9able. Ces bougies sont des produits de haute qualit\u00e9 qui peuvent \u00e9galement \u00eatre fabriqu\u00e9s \u00e0 la maison avec un effort minimal. Gr\u00e2ce \u00e0 ses propri\u00e9t\u00e9s sp\u00e9ciales, la cire d&#8217;abeille peut \u00eatre transform\u00e9e en bougies en utilisant une vari\u00e9t\u00e9 de m\u00e9thodes. Une m\u00e9thode est de tremper la m\u00e8che dans la cire liquide plusieurs fois pour cr\u00e9er une bougie. Les bougies peuvent \u00e9galement \u00eatre fabriqu\u00e9es en utilisant la m\u00e9thode de coul\u00e9e, o\u00f9 la cire liquide est vers\u00e9e dans un moule. Notre ligne de produits Hobby-Cr\u00e9ation propose plus de 400 diff\u00e9rents moules \u00e0 bougies en diff\u00e9rents designs, des petits moules pour les bougies de th\u00e9 aux grandes bougies d&#8217;autel et des bougies de bout neutres aux bougies orn\u00e9es. Une autre option populaire est de rouler des bougies \u00e0 partir de plaques de cire d&#8217;abeille. Aucun outil suppl\u00e9mentaire n&#8217;est n\u00e9cessaire pour cette m\u00e9thode. Avec HAMMANN WABEN, vous pouvez fabriquer des bougies \u00e0 partir de cire d&#8217;abeille pure et naturelle. Nous proposons \u00e9galement une large gamme d&#8217;accessoires pour la fabrication de bougies, y compris des m\u00e8ches, des d\u00e9corations de bougies et plus encore. Avec plus de 500 articles, nous avons une s\u00e9lection compl\u00e8te pour la fabrication de bougies. Dans notre boutique en ligne, vous pouvez trouver tout ce dont vous avez besoin pour fabriquer des bougies, y compris de la cire d&#8217;abeille, des plaques de cire d&#8217;abeille, des pastilles de cire d&#8217;abeille, des moules \u00e0 bougies en caoutchouc silicone, des m\u00e8ches pour rouler, couler ou tremper des bougies, des accessoires tels que des couleurs, de la vernis, de la patine, et plus encore.<\/p>\n","protected":false},"excerpt":{"rendered":"<p>Les bougies en cire d&#8217;abeille sont un choix populaire. La cire d&#8217;abeille est un mat\u00e9riau naturel qui est connu pour son parfum agr\u00e9able. Ces bougies sont des&hellip;<\/p>\n<p> <a class=\"more-link\" href=\"https:\/\/hobbykreation.de\/index.php\/fr\/bougies-en-cire-dabeille\/\">Weiterlesen<\/a><\/p>\n","protected":false},"author":1,"featured_media":0,"parent":0,"menu_order":0,"comment_status":"closed","ping_status":"closed","template":"","meta":{"footnotes":""},"class_list":["post-174","page","type-page","status-publish"],"yoast_head":"<!-- This site is optimized with the Yoast SEO plugin v26.0 - https:\/\/yoast.com\/wordpress\/plugins\/seo\/ -->\n<title>bougies en cire d&#039;abeille - HOBBY KREATION (R)<\/title>\n<meta name=\"description\" content=\"Mit \u00fcber 500 Artikeln bieten wir ein reichhaltiges Sortiment zum Kerzenbasteln. In unserem Internetshop erhalten Sie alles zum Kerzenbasteln.\" \/>\n<meta name=\"robots\" content=\"index, follow, max-snippet:-1, max-image-preview:large, max-video-preview:-1\" \/>\n<link rel=\"canonical\" href=\"https:\/\/hobbykreation.de\/index.php\/fr\/bougies-en-cire-dabeille\/\" \/>\n<meta property=\"og:locale\" content=\"de_DE\" \/>\n<meta property=\"og:type\" content=\"article\" \/>\n<meta property=\"og:title\" content=\"bougies en cire d&#039;abeille - HOBBY KREATION (R)\" \/>\n<meta property=\"og:description\" content=\"Mit \u00fcber 500 Artikeln bieten wir ein reichhaltiges Sortiment zum Kerzenbasteln. In unserem Internetshop erhalten Sie alles zum Kerzenbasteln.\" \/>\n<meta property=\"og:url\" content=\"https:\/\/hobbykreation.de\/index.php\/fr\/bougies-en-cire-dabeille\/\" \/>\n<meta property=\"og:site_name\" content=\"HOBBY KREATION (R)\" \/>\n<meta name=\"twitter:card\" content=\"summary_large_image\" \/>\n<meta name=\"twitter:label1\" content=\"Gesch\u00e4tzte Lesezeit\" \/>\n\t<meta name=\"twitter:data1\" content=\"2\u00a0Minuten\" \/>\n<script type=\"application\/ld+json\" class=\"yoast-schema-graph\">{\"@context\":\"https:\/\/schema.org\",\"@graph\":[{\"@type\":\"WebPage\",\"@id\":\"https:\/\/hobbykreation.de\/index.php\/fr\/bougies-en-cire-dabeille\/\",\"url\":\"https:\/\/hobbykreation.de\/index.php\/fr\/bougies-en-cire-dabeille\/\",\"name\":\"bougies en cire d'abeille - HOBBY KREATION (R)\",\"isPartOf\":{\"@id\":\"https:\/\/hobbykreation.de\/#website\"},\"datePublished\":\"2023-01-18T11:38:12+00:00\",\"description\":\"Mit \u00fcber 500 Artikeln bieten wir ein reichhaltiges Sortiment zum Kerzenbasteln. In unserem Internetshop erhalten Sie alles zum Kerzenbasteln.\",\"breadcrumb\":{\"@id\":\"https:\/\/hobbykreation.de\/index.php\/fr\/bougies-en-cire-dabeille\/#breadcrumb\"},\"inLanguage\":\"de\",\"potentialAction\":[{\"@type\":\"ReadAction\",\"target\":[\"https:\/\/hobbykreation.de\/index.php\/fr\/bougies-en-cire-dabeille\/\"]}]},{\"@type\":\"BreadcrumbList\",\"@id\":\"https:\/\/hobbykreation.de\/index.php\/fr\/bougies-en-cire-dabeille\/#breadcrumb\",\"itemListElement\":[{\"@type\":\"ListItem\",\"position\":1,\"name\":\"Startseite\",\"item\":\"https:\/\/hobbykreation.de\/\"},{\"@type\":\"ListItem\",\"position\":2,\"name\":\"bougies en cire d&#8217;abeille\"}]},{\"@type\":\"WebSite\",\"@id\":\"https:\/\/hobbykreation.de\/#website\",\"url\":\"https:\/\/hobbykreation.de\/\",\"name\":\"HOBBY KREATION (R)\",\"description\":\"Just another WordPress site\",\"publisher\":{\"@id\":\"https:\/\/hobbykreation.de\/#organization\"},\"potentialAction\":[{\"@type\":\"SearchAction\",\"target\":{\"@type\":\"EntryPoint\",\"urlTemplate\":\"https:\/\/hobbykreation.de\/?s={search_term_string}\"},\"query-input\":{\"@type\":\"PropertyValueSpecification\",\"valueRequired\":true,\"valueName\":\"search_term_string\"}}],\"inLanguage\":\"de\"},{\"@type\":\"Organization\",\"@id\":\"https:\/\/hobbykreation.de\/#organization\",\"name\":\"HOBBY KREATION (R)\",\"url\":\"https:\/\/hobbykreation.de\/\",\"logo\":{\"@type\":\"ImageObject\",\"inLanguage\":\"de\",\"@id\":\"https:\/\/hobbykreation.de\/#\/schema\/logo\/image\/\",\"url\":\"https:\/\/hobbykreation.de\/wp-content\/uploads\/2021\/10\/cropped-logo-2-zeilig-1.gif\",\"contentUrl\":\"https:\/\/hobbykreation.de\/wp-content\/uploads\/2021\/10\/cropped-logo-2-zeilig-1.gif\",\"width\":1504,\"height\":564,\"caption\":\"HOBBY KREATION (R)\"},\"image\":{\"@id\":\"https:\/\/hobbykreation.de\/#\/schema\/logo\/image\/\"}}]}<\/script>\n<!-- \/ Yoast SEO plugin. -->","yoast_head_json":{"title":"bougies en cire d'abeille - HOBBY KREATION (R)","description":"Mit \u00fcber 500 Artikeln bieten wir ein reichhaltiges Sortiment zum Kerzenbasteln. In unserem Internetshop erhalten Sie alles zum Kerzenbasteln.","robots":{"index":"index","follow":"follow","max-snippet":"max-snippet:-1","max-image-preview":"max-image-preview:large","max-video-preview":"max-video-preview:-1"},"canonical":"https:\/\/hobbykreation.de\/index.php\/fr\/bougies-en-cire-dabeille\/","og_locale":"de_DE","og_type":"article","og_title":"bougies en cire d'abeille - HOBBY KREATION (R)","og_description":"Mit \u00fcber 500 Artikeln bieten wir ein reichhaltiges Sortiment zum Kerzenbasteln. In unserem Internetshop erhalten Sie alles zum Kerzenbasteln.","og_url":"https:\/\/hobbykreation.de\/index.php\/fr\/bougies-en-cire-dabeille\/","og_site_name":"HOBBY KREATION (R)","twitter_card":"summary_large_image","twitter_misc":{"Gesch\u00e4tzte Lesezeit":"2\u00a0Minuten"},"schema":{"@context":"https:\/\/schema.org","@graph":[{"@type":"WebPage","@id":"https:\/\/hobbykreation.de\/index.php\/fr\/bougies-en-cire-dabeille\/","url":"https:\/\/hobbykreation.de\/index.php\/fr\/bougies-en-cire-dabeille\/","name":"bougies en cire d'abeille - HOBBY KREATION (R)","isPartOf":{"@id":"https:\/\/hobbykreation.de\/#website"},"datePublished":"2023-01-18T11:38:12+00:00","description":"Mit \u00fcber 500 Artikeln bieten wir ein reichhaltiges Sortiment zum Kerzenbasteln. In unserem Internetshop erhalten Sie alles zum Kerzenbasteln.","breadcrumb":{"@id":"https:\/\/hobbykreation.de\/index.php\/fr\/bougies-en-cire-dabeille\/#breadcrumb"},"inLanguage":"de","potentialAction":[{"@type":"ReadAction","target":["https:\/\/hobbykreation.de\/index.php\/fr\/bougies-en-cire-dabeille\/"]}]},{"@type":"BreadcrumbList","@id":"https:\/\/hobbykreation.de\/index.php\/fr\/bougies-en-cire-dabeille\/#breadcrumb","itemListElement":[{"@type":"ListItem","position":1,"name":"Startseite","item":"https:\/\/hobbykreation.de\/"},{"@type":"ListItem","position":2,"name":"bougies en cire d&#8217;abeille"}]},{"@type":"WebSite","@id":"https:\/\/hobbykreation.de\/#website","url":"https:\/\/hobbykreation.de\/","name":"HOBBY KREATION (R)","description":"Just another WordPress site","publisher":{"@id":"https:\/\/hobbykreation.de\/#organization"},"potentialAction":[{"@type":"SearchAction","target":{"@type":"EntryPoint","urlTemplate":"https:\/\/hobbykreation.de\/?s={search_term_string}"},"query-input":{"@type":"PropertyValueSpecification","valueRequired":true,"valueName":"search_term_string"}}],"inLanguage":"de"},{"@type":"Organization","@id":"https:\/\/hobbykreation.de\/#organization","name":"HOBBY KREATION (R)","url":"https:\/\/hobbykreation.de\/","logo":{"@type":"ImageObject","inLanguage":"de","@id":"https:\/\/hobbykreation.de\/#\/schema\/logo\/image\/","url":"https:\/\/hobbykreation.de\/wp-content\/uploads\/2021\/10\/cropped-logo-2-zeilig-1.gif","contentUrl":"https:\/\/hobbykreation.de\/wp-content\/uploads\/2021\/10\/cropped-logo-2-zeilig-1.gif","width":1504,"height":564,"caption":"HOBBY KREATION (R)"},"image":{"@id":"https:\/\/hobbykreation.de\/#\/schema\/logo\/image\/"}}]}},"_links":{"self":[{"href":"https:\/\/hobbykreation.de\/index.php\/wp-json\/wp\/v2\/pages\/174","targetHints":{"allow":["GET"]}}],"collection":[{"href":"https:\/\/hobbykreation.de\/index.php\/wp-json\/wp\/v2\/pages"}],"about":[{"href":"https:\/\/hobbykreation.de\/index.php\/wp-json\/wp\/v2\/types\/page"}],"author":[{"embeddable":true,"href":"https:\/\/hobbykreation.de\/index.php\/wp-json\/wp\/v2\/users\/1"}],"replies":[{"embeddable":true,"href":"https:\/\/hobbykreation.de\/index.php\/wp-json\/wp\/v2\/comments?post=174"}],"version-history":[{"count":1,"href":"https:\/\/hobbykreation.de\/index.php\/wp-json\/wp\/v2\/pages\/174\/revisions"}],"predecessor-version":[{"id":175,"href":"https:\/\/hobbykreation.de\/index.php\/wp-json\/wp\/v2\/pages\/174\/revisions\/175"}],"wp:attachment":[{"href":"https:\/\/hobbykreation.de\/index.php\/wp-json\/wp\/v2\/media?parent=174"}],"curies":[{"name":"wp","href":"https:\/\/api.w.org\/{rel}","templated":true}]}}