{"id":13,"date":"2021-10-05T08:43:43","date_gmt":"2021-10-05T08:43:43","guid":{"rendered":"https:\/\/hobbykreation.de\/wpx\/?page_id=2"},"modified":"2021-10-12T09:16:14","modified_gmt":"2021-10-12T09:16:14","slug":"sample-page-2","status":"publish","type":"page","link":"https:\/\/hobbykreation.de\/","title":{"rendered":"Kerzen aus Bienenwachs"},"content":{"rendered":"<div class=\"entry-content\">\n<p><img loading=\"lazy\" decoding=\"async\" class=\" wp-image-132 alignleft\" src=\"https:\/\/hobbykreation.de\/wp-content\/uploads\/2021\/10\/1102-300x243.jpg\" alt=\"\" width=\"336\" height=\"272\" srcset=\"https:\/\/hobbykreation.de\/wp-content\/uploads\/2021\/10\/1102-300x243.jpg 300w, https:\/\/hobbykreation.de\/wp-content\/uploads\/2021\/10\/1102-1024x830.jpg 1024w, https:\/\/hobbykreation.de\/wp-content\/uploads\/2021\/10\/1102-768x623.jpg 768w, https:\/\/hobbykreation.de\/wp-content\/uploads\/2021\/10\/1102-1536x1245.jpg 1536w, https:\/\/hobbykreation.de\/wp-content\/uploads\/2021\/10\/1102-2048x1660.jpg 2048w\" sizes=\"auto, (max-width: 336px) 100vw, 336px\" \/>Kerzen aus echtem Bienenwachs erfreuen sich immer wieder gro\u00dfer Beliebtheit.<\/p>\n<p>Bienenwachs ist ein nat\u00fcrliches Material, das durch seinen angenehmen Duft besticht.<\/p>\n<p>Bienenwachskerzen sind hochwertige Produkte, die ohne gr\u00f6\u00dferen Aufwand auch selbst hergestellt werden k\u00f6nnen.<\/p>\n<p>Dank seiner besonderen Materialeigenschaften l\u00e4sst sich Bienenwachs in einer Vielzahl unterschiedlicher Verfahren zu Kerzen verarbeiten.<\/p>\n<p>Neben dem Kerzenziehen, bei dem Docht mehrmals in fl\u00fcssiges Wachs getaucht wird, bis eine Kerze entsteht, k\u00f6nnen Kerzen auch durch das Gie\u00dfverfahren hergestellt werden, bei dem fl\u00fcssiges Wachs in eine Form gegossen wird.<\/p>\n<p>Mit unserer Produktlinie Hobby- Kreation \u00ae bieten wir Ihnen mehr als 400 verschiedene Kerzengie\u00dfformen in den unterschiedlichsten Motiven, von der kleinen Gie\u00dfform f\u00fcr Teelichtkerzen bis zur gro\u00dfen Altarkerze; von neutralen Stumpenkerzen bis hin zu verzierten Ornamentkerzen.<\/p>\n<p>Eine weitere beliebte Variante ist das Rollen von Kerzen aus Wabenplatten aus Bienenwachs. Bei dieser Methode werden keine weiteren Hilfsmittel ben\u00f6tigt. Mit HAMMANN WABEN k\u00f6nnen Sie Kerzen aus reinem, naturbelassenen Bienenwachs selbst drehen.<\/p>\n<p>Kerzendochte, Kerzenverzierungen u.v.m.&nbsp; Wir bieten ein reichhaltiges Zubeh\u00f6r zum Kerzenbasteln.<\/p>\n<p><img loading=\"lazy\" decoding=\"async\" class=\"size-medium wp-image-88 aligncenter\" src=\"https:\/\/hobbykreation.de\/wp-content\/uploads\/2021\/10\/alles-291x300.jpg\" alt=\"\" width=\"291\" height=\"300\" srcset=\"https:\/\/hobbykreation.de\/wp-content\/uploads\/2021\/10\/alles-291x300.jpg 291w, https:\/\/hobbykreation.de\/wp-content\/uploads\/2021\/10\/alles-994x1024.jpg 994w, https:\/\/hobbykreation.de\/wp-content\/uploads\/2021\/10\/alles-768x791.jpg 768w, https:\/\/hobbykreation.de\/wp-content\/uploads\/2021\/10\/alles-1491x1536.jpg 1491w, https:\/\/hobbykreation.de\/wp-content\/uploads\/2021\/10\/alles.jpg 1575w\" sizes=\"auto, (max-width: 291px) 100vw, 291px\" \/><\/p>\n<p>Mit \u00fcber 500 Artikeln bieten wir ein reichhaltiges Sortiment zum Kerzenbasteln.<\/p>\n<p>In unserem Internetshop erhalten Sie alles zum Kerzenbasteln:<\/p>\n<ul>\n<li><a href=\"http:\/\/www.kerzenbasteln.de\/de\/bienenwachs-bienenwaben\">Bienenwachs, Bienenwaben (Wachsplatten), Bienenwachspastillen (Pellets)<\/a><\/li>\n<li><a href=\"http:\/\/www.kerzenbasteln.de\/de\/kerzengiessformen\">Kerzenformen aus Silikonkautschuk<\/a><\/li>\n<li><a href=\"http:\/\/www.kerzenbasteln.de\/de\/dochte\">Dochte zum Kerzenrollen, Kerzengiessen oder Kerzenziehen<\/a><\/li>\n<li><a href=\"http:\/\/www.kerzenbasteln.de\/de\/zubehoer-farben\">Zubeh\u00f6r (Farben, Glanzlack, Patina)<\/a><\/li>\n<li>und vieles mehr<\/li>\n<\/ul>\n<p><a href=\"http:\/\/www.kerzenbasteln.de\">www.kerzenbasteln.de<\/a><\/p>\n<\/div>\n","protected":false},"excerpt":{"rendered":"<p>Kerzen aus echtem Bienenwachs erfreuen sich immer wieder gro\u00dfer Beliebtheit. Bienenwachs ist ein nat\u00fcrliches Material, das durch seinen angenehmen Duft besticht. Bienenwachskerzen sind hochwertige Produkte, die ohne&hellip;<\/p>\n<p> <a class=\"more-link\" href=\"https:\/\/hobbykreation.de\/\">Weiterlesen<\/a><\/p>\n","protected":false},"author":1,"featured_media":0,"parent":0,"menu_order":0,"comment_status":"closed","ping_status":"closed","template":"","meta":{"footnotes":""},"class_list":["post-13","page","type-page","status-publish"],"yoast_head":"<!-- This site is optimized with the Yoast SEO plugin v26.0 - https:\/\/yoast.com\/wordpress\/plugins\/seo\/ -->\n<title>Kerzen aus Bienenwachs - HOBBY KREATION (R)<\/title>\n<meta name=\"description\" content=\"Mit \u00fcber 500 Artikeln bieten wir ein reichhaltiges Sortiment zum Kerzenbasteln. In unserem Internetshop erhalten Sie alles zum Kerzenbasteln.\" \/>\n<meta name=\"robots\" content=\"index, follow, max-snippet:-1, max-image-preview:large, max-video-preview:-1\" \/>\n<link rel=\"canonical\" href=\"https:\/\/hobbykreation.de\/\" \/>\n<meta property=\"og:locale\" content=\"de_DE\" \/>\n<meta property=\"og:type\" content=\"article\" \/>\n<meta property=\"og:title\" content=\"Kerzen aus Bienenwachs - HOBBY KREATION (R)\" \/>\n<meta property=\"og:description\" content=\"Mit \u00fcber 500 Artikeln bieten wir ein reichhaltiges Sortiment zum Kerzenbasteln. In unserem Internetshop erhalten Sie alles zum Kerzenbasteln.\" \/>\n<meta property=\"og:url\" content=\"https:\/\/hobbykreation.de\/\" \/>\n<meta property=\"og:site_name\" content=\"HOBBY KREATION (R)\" \/>\n<meta property=\"article:modified_time\" content=\"2021-10-12T09:16:14+00:00\" \/>\n<meta property=\"og:image\" content=\"https:\/\/hobbykreation.de\/wp-content\/uploads\/2021\/10\/1102-300x243.jpg\" \/>\n<meta name=\"twitter:card\" content=\"summary_large_image\" \/>\n<meta name=\"twitter:label1\" content=\"Gesch\u00e4tzte Lesezeit\" \/>\n\t<meta name=\"twitter:data1\" content=\"2\u00a0Minuten\" \/>\n<script type=\"application\/ld+json\" class=\"yoast-schema-graph\">{\"@context\":\"https:\/\/schema.org\",\"@graph\":[{\"@type\":\"WebPage\",\"@id\":\"https:\/\/hobbykreation.de\/\",\"url\":\"https:\/\/hobbykreation.de\/\",\"name\":\"Kerzen aus Bienenwachs - HOBBY KREATION (R)\",\"isPartOf\":{\"@id\":\"https:\/\/hobbykreation.de\/#website\"},\"primaryImageOfPage\":{\"@id\":\"https:\/\/hobbykreation.de\/#primaryimage\"},\"image\":{\"@id\":\"https:\/\/hobbykreation.de\/#primaryimage\"},\"thumbnailUrl\":\"https:\/\/hobbykreation.de\/wp-content\/uploads\/2021\/10\/1102-300x243.jpg\",\"datePublished\":\"2021-10-05T08:43:43+00:00\",\"dateModified\":\"2021-10-12T09:16:14+00:00\",\"description\":\"Mit \u00fcber 500 Artikeln bieten wir ein reichhaltiges Sortiment zum Kerzenbasteln. In unserem Internetshop erhalten Sie alles zum Kerzenbasteln.\",\"breadcrumb\":{\"@id\":\"https:\/\/hobbykreation.de\/#breadcrumb\"},\"inLanguage\":\"de\",\"potentialAction\":[{\"@type\":\"ReadAction\",\"target\":[\"https:\/\/hobbykreation.de\/\"]}]},{\"@type\":\"ImageObject\",\"inLanguage\":\"de\",\"@id\":\"https:\/\/hobbykreation.de\/#primaryimage\",\"url\":\"https:\/\/hobbykreation.de\/wp-content\/uploads\/2021\/10\/1102-scaled.jpg\",\"contentUrl\":\"https:\/\/hobbykreation.de\/wp-content\/uploads\/2021\/10\/1102-scaled.jpg\",\"width\":2560,\"height\":2075},{\"@type\":\"BreadcrumbList\",\"@id\":\"https:\/\/hobbykreation.de\/#breadcrumb\",\"itemListElement\":[{\"@type\":\"ListItem\",\"position\":1,\"name\":\"Startseite\",\"item\":\"https:\/\/hobbykreation.de\/\"},{\"@type\":\"ListItem\",\"position\":2,\"name\":\"Kerzen aus Bienenwachs\"}]},{\"@type\":\"WebSite\",\"@id\":\"https:\/\/hobbykreation.de\/#website\",\"url\":\"https:\/\/hobbykreation.de\/\",\"name\":\"HOBBY KREATION (R)\",\"description\":\"Just another WordPress site\",\"publisher\":{\"@id\":\"https:\/\/hobbykreation.de\/#organization\"},\"potentialAction\":[{\"@type\":\"SearchAction\",\"target\":{\"@type\":\"EntryPoint\",\"urlTemplate\":\"https:\/\/hobbykreation.de\/?s={search_term_string}\"},\"query-input\":{\"@type\":\"PropertyValueSpecification\",\"valueRequired\":true,\"valueName\":\"search_term_string\"}}],\"inLanguage\":\"de\"},{\"@type\":\"Organization\",\"@id\":\"https:\/\/hobbykreation.de\/#organization\",\"name\":\"HOBBY KREATION (R)\",\"url\":\"https:\/\/hobbykreation.de\/\",\"logo\":{\"@type\":\"ImageObject\",\"inLanguage\":\"de\",\"@id\":\"https:\/\/hobbykreation.de\/#\/schema\/logo\/image\/\",\"url\":\"https:\/\/hobbykreation.de\/wp-content\/uploads\/2021\/10\/cropped-logo-2-zeilig-1.gif\",\"contentUrl\":\"https:\/\/hobbykreation.de\/wp-content\/uploads\/2021\/10\/cropped-logo-2-zeilig-1.gif\",\"width\":1504,\"height\":564,\"caption\":\"HOBBY KREATION (R)\"},\"image\":{\"@id\":\"https:\/\/hobbykreation.de\/#\/schema\/logo\/image\/\"}}]}<\/script>\n<!-- \/ Yoast SEO plugin. -->","yoast_head_json":{"title":"Kerzen aus Bienenwachs - HOBBY KREATION (R)","description":"Mit \u00fcber 500 Artikeln bieten wir ein reichhaltiges Sortiment zum Kerzenbasteln. In unserem Internetshop erhalten Sie alles zum Kerzenbasteln.","robots":{"index":"index","follow":"follow","max-snippet":"max-snippet:-1","max-image-preview":"max-image-preview:large","max-video-preview":"max-video-preview:-1"},"canonical":"https:\/\/hobbykreation.de\/","og_locale":"de_DE","og_type":"article","og_title":"Kerzen aus Bienenwachs - HOBBY KREATION (R)","og_description":"Mit \u00fcber 500 Artikeln bieten wir ein reichhaltiges Sortiment zum Kerzenbasteln. In unserem Internetshop erhalten Sie alles zum Kerzenbasteln.","og_url":"https:\/\/hobbykreation.de\/","og_site_name":"HOBBY KREATION (R)","article_modified_time":"2021-10-12T09:16:14+00:00","og_image":[{"url":"https:\/\/hobbykreation.de\/wp-content\/uploads\/2021\/10\/1102-300x243.jpg","type":"","width":"","height":""}],"twitter_card":"summary_large_image","twitter_misc":{"Gesch\u00e4tzte Lesezeit":"2\u00a0Minuten"},"schema":{"@context":"https:\/\/schema.org","@graph":[{"@type":"WebPage","@id":"https:\/\/hobbykreation.de\/","url":"https:\/\/hobbykreation.de\/","name":"Kerzen aus Bienenwachs - HOBBY KREATION (R)","isPartOf":{"@id":"https:\/\/hobbykreation.de\/#website"},"primaryImageOfPage":{"@id":"https:\/\/hobbykreation.de\/#primaryimage"},"image":{"@id":"https:\/\/hobbykreation.de\/#primaryimage"},"thumbnailUrl":"https:\/\/hobbykreation.de\/wp-content\/uploads\/2021\/10\/1102-300x243.jpg","datePublished":"2021-10-05T08:43:43+00:00","dateModified":"2021-10-12T09:16:14+00:00","description":"Mit \u00fcber 500 Artikeln bieten wir ein reichhaltiges Sortiment zum Kerzenbasteln. In unserem Internetshop erhalten Sie alles zum Kerzenbasteln.","breadcrumb":{"@id":"https:\/\/hobbykreation.de\/#breadcrumb"},"inLanguage":"de","potentialAction":[{"@type":"ReadAction","target":["https:\/\/hobbykreation.de\/"]}]},{"@type":"ImageObject","inLanguage":"de","@id":"https:\/\/hobbykreation.de\/#primaryimage","url":"https:\/\/hobbykreation.de\/wp-content\/uploads\/2021\/10\/1102-scaled.jpg","contentUrl":"https:\/\/hobbykreation.de\/wp-content\/uploads\/2021\/10\/1102-scaled.jpg","width":2560,"height":2075},{"@type":"BreadcrumbList","@id":"https:\/\/hobbykreation.de\/#breadcrumb","itemListElement":[{"@type":"ListItem","position":1,"name":"Startseite","item":"https:\/\/hobbykreation.de\/"},{"@type":"ListItem","position":2,"name":"Kerzen aus Bienenwachs"}]},{"@type":"WebSite","@id":"https:\/\/hobbykreation.de\/#website","url":"https:\/\/hobbykreation.de\/","name":"HOBBY KREATION (R)","description":"Just another WordPress site","publisher":{"@id":"https:\/\/hobbykreation.de\/#organization"},"potentialAction":[{"@type":"SearchAction","target":{"@type":"EntryPoint","urlTemplate":"https:\/\/hobbykreation.de\/?s={search_term_string}"},"query-input":{"@type":"PropertyValueSpecification","valueRequired":true,"valueName":"search_term_string"}}],"inLanguage":"de"},{"@type":"Organization","@id":"https:\/\/hobbykreation.de\/#organization","name":"HOBBY KREATION (R)","url":"https:\/\/hobbykreation.de\/","logo":{"@type":"ImageObject","inLanguage":"de","@id":"https:\/\/hobbykreation.de\/#\/schema\/logo\/image\/","url":"https:\/\/hobbykreation.de\/wp-content\/uploads\/2021\/10\/cropped-logo-2-zeilig-1.gif","contentUrl":"https:\/\/hobbykreation.de\/wp-content\/uploads\/2021\/10\/cropped-logo-2-zeilig-1.gif","width":1504,"height":564,"caption":"HOBBY KREATION (R)"},"image":{"@id":"https:\/\/hobbykreation.de\/#\/schema\/logo\/image\/"}}]}},"_links":{"self":[{"href":"https:\/\/hobbykreation.de\/index.php\/wp-json\/wp\/v2\/pages\/13","targetHints":{"allow":["GET"]}}],"collection":[{"href":"https:\/\/hobbykreation.de\/index.php\/wp-json\/wp\/v2\/pages"}],"about":[{"href":"https:\/\/hobbykreation.de\/index.php\/wp-json\/wp\/v2\/types\/page"}],"author":[{"embeddable":true,"href":"https:\/\/hobbykreation.de\/index.php\/wp-json\/wp\/v2\/users\/1"}],"replies":[{"embeddable":true,"href":"https:\/\/hobbykreation.de\/index.php\/wp-json\/wp\/v2\/comments?post=13"}],"version-history":[{"count":15,"href":"https:\/\/hobbykreation.de\/index.php\/wp-json\/wp\/v2\/pages\/13\/revisions"}],"predecessor-version":[{"id":177,"href":"https:\/\/hobbykreation.de\/index.php\/wp-json\/wp\/v2\/pages\/13\/revisions\/177"}],"wp:attachment":[{"href":"https:\/\/hobbykreation.de\/index.php\/wp-json\/wp\/v2\/media?parent=13"}],"curies":[{"name":"wp","href":"https:\/\/api.w.org\/{rel}","templated":true}]}}